{"id":5168,"date":"2025-01-27T11:21:01","date_gmt":"2025-01-27T10:21:01","guid":{"rendered":"https:\/\/turismo-oscoseo.com\/politique-en-matiere-de-cookies\/"},"modified":"2025-06-06T09:07:16","modified_gmt":"2025-06-06T07:07:16","slug":"politique-en-matiere-de-cookies","status":"publish","type":"page","link":"https:\/\/turismo-oscoseo.com\/fr\/politique-en-matiere-de-cookies\/","title":{"rendered":"Politique en mati\u00e8re de cookies"},"content":{"rendered":"\n<p>Aucune donn\u00e9e personnelle des utilisateurs n&rsquo;est collect\u00e9e par le biais de ce site web \u00e0 leur insu, ni transmise \u00e0 des tiers. Afin de vous offrir le meilleur service et dans le but de faciliter son utilisation, le nombre de pages visit\u00e9es, le nombre de visites, ainsi que l&rsquo;activit\u00e9 des visiteurs et leur fr\u00e9quence d&rsquo;utilisation sont analys\u00e9s. \u00c0 ces fins, le Centro para el Desarrollo de la Comarca Oscos-Eo utilise les informations statistiques \u00e9labor\u00e9es par son fournisseur de services Internet.  <\/p>\n\n<p>Le Centre pour le d\u00e9veloppement de la r\u00e9gion d&rsquo;Oscos-Eo n&rsquo;utilise pas de cookies pour collecter des informations sur les utilisateurs et n&rsquo;enregistre pas non plus les adresses IP d&rsquo;acc\u00e8s. Il utilise uniquement ses propres cookies de session \u00e0 des fins techniques (ceux qui permettent \u00e0 l&rsquo;utilisateur de naviguer sur le site web et d&rsquo;utiliser les diff\u00e9rentes options et services qui y sont propos\u00e9s). <\/p>\n\n<p>Le portail appartenant au Centro para el Desarrollo de la Comarca Oscos-Eo contient des liens vers des sites web de tiers, dont les politiques de confidentialit\u00e9 ne sont pas li\u00e9es \u00e0 celles du Centro para el Desarrollo de la Comarca Oscos-Eo. En acc\u00e9dant \u00e0 ces sites web, vous pouvez d\u00e9cider d&rsquo;accepter ou non leurs politiques de confidentialit\u00e9 et de cookies. En g\u00e9n\u00e9ral, si vous naviguez sur Internet, vous pouvez accepter ou refuser les cookies de tiers \u00e0 partir des options de configuration de votre navigateur. <\/p>\n\n<p><strong>RESPONSABLE DE L&rsquo;UTILISATION DES COOKIES DANS LES SERVICES DU CENTRE DE DEVELOPPEMENT DU COMTE D&rsquo;OSCOS-EO <\/strong><strong>CENTRE POUR LE DEVELOPPEMENT DU COMTE OSCOS-EO<\/strong><strong>?<\/strong><\/p>\n\n<p>La personne responsable est<\/p>\n\n<p>  Centro para el Desarrollo de la Comarca Oscos-Eo (G33476052)<br\/> Calle Camilo Barcia Trelles, 10, bajo, 33770, Vegadeo, Asturias<br\/> 985476509<br\/> ceder @ oscos-eo.net<\/p>\n\n<p><strong>POURQUOI UTILISONS-NOUS DES COOKIES ?<\/strong><\/p>\n\n<p>Les services du Centro para el Desarrollo de la Comarca Oscos-Eo utilisent des cookies :<\/p>\n\n<ul class=\"wp-block-list\">\n<li>\n<ul class=\"wp-block-list\">\n<li>Dans le but d&rsquo;offrir aux utilisateurs un contenu et des informations plus adapt\u00e9s \u00e0 leurs int\u00e9r\u00eats et de faciliter leur navigation dans nos services.<\/li>\n\n\n\n<li>Pour enregistrer les pr\u00e9f\u00e9rences des utilisateurs et leur offrir un acc\u00e8s plus rapide.<\/li>\n\n\n\n<li>Personnaliser les services fournis par le Centro para el Desarrollo de la Comarca Oscos-Eo et offrir \u00e0 chaque utilisateur des informations qui l&rsquo;int\u00e9ressent ou qui peuvent l&rsquo;int\u00e9resser, en fonction de l&rsquo;utilisation qu&rsquo;il fait de ces services.<\/li>\n\n\n\n<li>Conna\u00eetre tous les services du Centro para el Desarrollo de la Comarca Oscos-Eo demand\u00e9s par les utilisateurs lors de leur navigation, afin de pouvoir fournir ou offrir des informations adapt\u00e9es aux go\u00fbts et aux pr\u00e9f\u00e9rences de chaque utilisateur.<\/li>\n<\/ul>\n<\/li>\n<\/ul>\n\n<p><strong>QUELS SONT LES TYPES DE COOKIES PR\u00c9SENTS DANS LES SERVICES DU <\/strong><strong>CENTRE POUR LE DEVELOPPEMENT DE LA REGION OSCOS-EO <\/strong><strong>ET \u00c0 QUOI SERVENT-ILS ?<\/strong><\/p>\n\n<p>En fonction de leur dur\u00e9e, les cookies peuvent \u00eatre divis\u00e9s en plusieurs cat\u00e9gories :<\/p>\n\n<ul class=\"wp-block-list\">\n<li>Cookies de session : ils expirent lorsque l&rsquo;utilisateur ferme le navigateur et sont supprim\u00e9s de l&rsquo;ordinateur ou de l&rsquo;appareil \u00e0 ce moment-l\u00e0.<\/li>\n\n\n\n<li>Cookies persistants : Ils expirent en fonction de la r\u00e9alisation de l&rsquo;objectif pour lequel ils sont utilis\u00e9s, par exemple pour que l&rsquo;utilisateur reste identifi\u00e9 dans les services du Centre pour le d\u00e9veloppement de la r\u00e9gion d&rsquo;Oscos-Eo, ou lorsqu&rsquo;ils sont supprim\u00e9s manuellement.<\/li>\n<\/ul>\n\n<p>En fonction de la personne qui cr\u00e9e le cookie, ils sont class\u00e9s comme suit :<\/p>\n\n<ul class=\"wp-block-list\">\n<li>Cookies de premi\u00e8re partie : Ces cookies sont envoy\u00e9s \u00e0 l&rsquo;ordinateur ou au dispositif de l&rsquo;utilisateur par nos services et sont g\u00e9r\u00e9s exclusivement par le Centre pour le d\u00e9veloppement de la r\u00e9gion d&rsquo;Oscos-Eo.<\/li>\n\n\n\n<li>Cookies de tiers : ceux qui sont envoy\u00e9s par des entit\u00e9s ext\u00e9rieures au Centre pour le d\u00e9veloppement de la r\u00e9gion d&rsquo;Oscos-Eo et qui sont activ\u00e9s lors de l&rsquo;acc\u00e8s aux r\u00e9seaux sociaux ou de la visualisation de vid\u00e9os \u00e0 partir de nos services.<\/li>\n<\/ul>\n\n<p><strong>QUELS SONT LES COOKIES QUI PEUVENT \u00caTRE INSTALL\u00c9S DANS LES SERVICES DE <\/strong><strong>CENTRE DE D\u00c9VELOPPEMENT DU COMT\u00c9 D&rsquo;OSCOS-EO<\/strong><strong>?<\/strong><\/p>\n\n<p>L&rsquo;acc\u00e8s aux services du Centre pour le d\u00e9veloppement de la r\u00e9gion Oscos-Eo implique l&rsquo;installation de cookies, propres et\/ou de tiers, qui sont d\u00e9taill\u00e9s dans le tableau suivant :<\/p>\n\n<p><\/p>\n\n<p><\/p>\n\n<p><strong><u>Validit\u00e9 et d\u00e9sactivation<\/u><\/strong><\/p>\n\n<p>Les cookies temporaires (cookies de session) ne sont stock\u00e9s que temporairement sur votre ordinateur ou votre terminal. Lorsque vous fermez votre navigateur, ces cookies sont automatiquement supprim\u00e9s. <\/p>\n\n<p>Les cookies persistants et les technologies similaires restent stock\u00e9s sur votre ordinateur, votre tablette ou votre smartphone m\u00eame apr\u00e8s la fermeture de votre navigateur. Cela nous permet de vous reconna\u00eetre, par exemple, lorsque vous visitez nos sites web ult\u00e9rieurement. Par cons\u00e9quent, la suppression n&rsquo;a lieu que si vous installez une nouvelle version des cookies, si vous vous y opposez ou si les cookies eux-m\u00eames sont supprim\u00e9s sur votre appareil.  <\/p>\n\n<p>Des param\u00e8tres sp\u00e9ciaux du navigateur vous permettent d&rsquo;accepter, de bloquer ou de d\u00e9sactiver tout ou partie des cookies sur votre appareil.<\/p>\n\n<p>Vous trouverez ici le manuel correspondant aux navigateurs les plus courants :<\/p>\n\n<ul class=\"wp-block-list\">\n<li>Google Chrome <a href=\"https:\/\/support.google.com\/chrome\/answer\/95647?hl=es&amp;ref_topic=3434352\">https:\/\/support.google.com\/chrome\/answer\/95647?hl=es&amp;ref_topic=3434352<\/a><\/li>\n\n\n\n<li>Internet Explorer<\/li>\n<\/ul>\n\n<figure class=\"wp-block-embed\"><div class=\"wp-block-embed__wrapper\">\nhttps:\/\/support.microsoft.com\/es-es\/help\/17442\/windows-internet-explorer-delete-manage-cookies\n<\/div><\/figure>\n\n<ul class=\"wp-block-list\">\n<li>Mozilla Firefox<\/li>\n<\/ul>\n\n<figure class=\"wp-block-embed\"><div class=\"wp-block-embed__wrapper\">\nhttps:\/\/support.mozilla.org\/es\/kb\/habilitar-y-deshabilitar-cookies-sitios-web-rastrear-preferencias\n<\/div><\/figure>\n\n<ul class=\"wp-block-list\">\n<li>Safari<\/li>\n<\/ul>\n\n<figure class=\"wp-block-embed\"><div class=\"wp-block-embed__wrapper\">\nhttps:\/\/support.apple.com\/es-es\/guide\/safari\/sfri11471\/mac\n<\/div><\/figure>\n\n<p>Si vous avez consenti \u00e0 l&rsquo;utilisation de cookies, vous pouvez retirer votre consentement \u00e0 tout moment. Les cookies existants seront alors supprim\u00e9s. <\/p>\n\n<p><strong>QUE SE PASSE-T-IL SI LES COOKIES SONT D\u00c9SACTIV\u00c9S ?<\/strong><\/p>\n\n<p>Si les cookies sont d\u00e9sactiv\u00e9s, nous ne pourrons pas conserver vos pr\u00e9f\u00e9rences et certaines fonctionnalit\u00e9s des services du Centre pour le d\u00e9veloppement de la r\u00e9gion d&rsquo;Oscos-Eo pourraient \u00eatre inop\u00e9rantes, ne permettant pas de vous offrir des services personnalis\u00e9s.<\/p>\n\n<p><strong>MISES A JOUR ET MODIFICATIONS DE LA POLITIQUE DE CONFIDENTIALITE ET D&rsquo;UTILISATION DES COOKIES :<\/strong><\/p>\n\n<p>Les services du Centre pour le d\u00e9veloppement de la r\u00e9gion d&rsquo;Oscos-Eo peuvent modifier cette politique de cookies en fonction des exigences l\u00e9gislatives ou r\u00e9glementaires, ou afin d&rsquo;adapter cette politique aux instructions dict\u00e9es par l&rsquo;Agence espagnole de protection des donn\u00e9es, raison pour laquelle il est conseill\u00e9 aux utilisateurs de la consulter p\u00e9riodiquement.  <\/p>\n","protected":false},"excerpt":{"rendered":"<p>Aucune donn\u00e9e personnelle des utilisateurs n&rsquo;est collect\u00e9e par le biais de ce site web \u00e0 leur insu, ni transmise \u00e0 des tiers. Afin de vous offrir le meilleur service et dans le but de faciliter son utilisation, le nombre de pages visit\u00e9es, le nombre de visites, ainsi que l&rsquo;activit\u00e9 des visiteurs et leur fr\u00e9quence d&rsquo;utilisation (&#8230;)<\/p>\n","protected":false},"author":1,"featured_media":0,"parent":0,"menu_order":0,"comment_status":"closed","ping_status":"closed","template":"page-legal.php","meta":{"_acf_changed":false,"footnotes":""},"class_list":["post-5168","page","type-page","status-publish","hentry"],"acf":[],"yoast_head":"<!-- This site is optimized with the Yoast SEO plugin v25.2 - https:\/\/yoast.com\/wordpress\/plugins\/seo\/ -->\n<title>Politique en mati\u00e8re de cookies - OSCOS-EO<\/title>\n<meta name=\"robots\" content=\"index, follow, max-snippet:-1, max-image-preview:large, max-video-preview:-1\" \/>\n<link rel=\"canonical\" href=\"https:\/\/turismo-oscoseo.com\/fr\/politique-en-matiere-de-cookies\/\" \/>\n<meta property=\"og:locale\" content=\"fr_FR\" \/>\n<meta property=\"og:type\" content=\"article\" \/>\n<meta property=\"og:title\" content=\"Politique en mati\u00e8re de cookies - OSCOS-EO\" \/>\n<meta property=\"og:description\" content=\"Aucune donn\u00e9e personnelle des utilisateurs n&rsquo;est collect\u00e9e par le biais de ce site web \u00e0 leur insu, ni transmise \u00e0 des tiers. Afin de vous offrir le meilleur service et dans le but de faciliter son utilisation, le nombre de pages visit\u00e9es, le nombre de visites, ainsi que l&rsquo;activit\u00e9 des visiteurs et leur fr\u00e9quence d&rsquo;utilisation (...)\" \/>\n<meta property=\"og:url\" content=\"https:\/\/turismo-oscoseo.com\/fr\/politique-en-matiere-de-cookies\/\" \/>\n<meta property=\"og:site_name\" content=\"OSCOS-EO\" \/>\n<meta property=\"article:modified_time\" content=\"2025-06-06T07:07:16+00:00\" \/>\n<meta name=\"twitter:card\" content=\"summary_large_image\" \/>\n<meta name=\"twitter:label1\" content=\"Dur\u00e9e de lecture estim\u00e9e\" \/>\n\t<meta name=\"twitter:data1\" content=\"5 minutes\" \/>\n<script type=\"application\/ld+json\" class=\"yoast-schema-graph\">{\"@context\":\"https:\/\/schema.org\",\"@graph\":[{\"@type\":\"WebPage\",\"@id\":\"https:\/\/turismo-oscoseo.com\/fr\/politique-en-matiere-de-cookies\/\",\"url\":\"https:\/\/turismo-oscoseo.com\/fr\/politique-en-matiere-de-cookies\/\",\"name\":\"Politique en mati\u00e8re de cookies - OSCOS-EO\",\"isPartOf\":{\"@id\":\"https:\/\/turismo-oscoseo.com\/fr\/#website\"},\"datePublished\":\"2025-01-27T10:21:01+00:00\",\"dateModified\":\"2025-06-06T07:07:16+00:00\",\"breadcrumb\":{\"@id\":\"https:\/\/turismo-oscoseo.com\/fr\/politique-en-matiere-de-cookies\/#breadcrumb\"},\"inLanguage\":\"fr-FR\",\"potentialAction\":[{\"@type\":\"ReadAction\",\"target\":[\"https:\/\/turismo-oscoseo.com\/fr\/politique-en-matiere-de-cookies\/\"]}]},{\"@type\":\"BreadcrumbList\",\"@id\":\"https:\/\/turismo-oscoseo.com\/fr\/politique-en-matiere-de-cookies\/#breadcrumb\",\"itemListElement\":[{\"@type\":\"ListItem\",\"position\":1,\"name\":\"Portada\",\"item\":\"https:\/\/turismo-oscoseo.com\/fr\/\"},{\"@type\":\"ListItem\",\"position\":2,\"name\":\"Politique en mati\u00e8re de cookies\"}]},{\"@type\":\"WebSite\",\"@id\":\"https:\/\/turismo-oscoseo.com\/fr\/#website\",\"url\":\"https:\/\/turismo-oscoseo.com\/fr\/\",\"name\":\"OSCOS-EO\",\"description\":\"Descubre el Occidente de Asturias\",\"potentialAction\":[{\"@type\":\"SearchAction\",\"target\":{\"@type\":\"EntryPoint\",\"urlTemplate\":\"https:\/\/turismo-oscoseo.com\/fr\/?s={search_term_string}\"},\"query-input\":{\"@type\":\"PropertyValueSpecification\",\"valueRequired\":true,\"valueName\":\"search_term_string\"}}],\"inLanguage\":\"fr-FR\"}]}<\/script>\n<!-- \/ Yoast SEO plugin. -->","yoast_head_json":{"title":"Politique en mati\u00e8re de cookies - OSCOS-EO","robots":{"index":"index","follow":"follow","max-snippet":"max-snippet:-1","max-image-preview":"max-image-preview:large","max-video-preview":"max-video-preview:-1"},"canonical":"https:\/\/turismo-oscoseo.com\/fr\/politique-en-matiere-de-cookies\/","og_locale":"fr_FR","og_type":"article","og_title":"Politique en mati\u00e8re de cookies - OSCOS-EO","og_description":"Aucune donn\u00e9e personnelle des utilisateurs n&rsquo;est collect\u00e9e par le biais de ce site web \u00e0 leur insu, ni transmise \u00e0 des tiers. Afin de vous offrir le meilleur service et dans le but de faciliter son utilisation, le nombre de pages visit\u00e9es, le nombre de visites, ainsi que l&rsquo;activit\u00e9 des visiteurs et leur fr\u00e9quence d&rsquo;utilisation (...)","og_url":"https:\/\/turismo-oscoseo.com\/fr\/politique-en-matiere-de-cookies\/","og_site_name":"OSCOS-EO","article_modified_time":"2025-06-06T07:07:16+00:00","twitter_card":"summary_large_image","twitter_misc":{"Dur\u00e9e de lecture estim\u00e9e":"5 minutes"},"schema":{"@context":"https:\/\/schema.org","@graph":[{"@type":"WebPage","@id":"https:\/\/turismo-oscoseo.com\/fr\/politique-en-matiere-de-cookies\/","url":"https:\/\/turismo-oscoseo.com\/fr\/politique-en-matiere-de-cookies\/","name":"Politique en mati\u00e8re de cookies - OSCOS-EO","isPartOf":{"@id":"https:\/\/turismo-oscoseo.com\/fr\/#website"},"datePublished":"2025-01-27T10:21:01+00:00","dateModified":"2025-06-06T07:07:16+00:00","breadcrumb":{"@id":"https:\/\/turismo-oscoseo.com\/fr\/politique-en-matiere-de-cookies\/#breadcrumb"},"inLanguage":"fr-FR","potentialAction":[{"@type":"ReadAction","target":["https:\/\/turismo-oscoseo.com\/fr\/politique-en-matiere-de-cookies\/"]}]},{"@type":"BreadcrumbList","@id":"https:\/\/turismo-oscoseo.com\/fr\/politique-en-matiere-de-cookies\/#breadcrumb","itemListElement":[{"@type":"ListItem","position":1,"name":"Portada","item":"https:\/\/turismo-oscoseo.com\/fr\/"},{"@type":"ListItem","position":2,"name":"Politique en mati\u00e8re de cookies"}]},{"@type":"WebSite","@id":"https:\/\/turismo-oscoseo.com\/fr\/#website","url":"https:\/\/turismo-oscoseo.com\/fr\/","name":"OSCOS-EO","description":"Descubre el Occidente de Asturias","potentialAction":[{"@type":"SearchAction","target":{"@type":"EntryPoint","urlTemplate":"https:\/\/turismo-oscoseo.com\/fr\/?s={search_term_string}"},"query-input":{"@type":"PropertyValueSpecification","valueRequired":true,"valueName":"search_term_string"}}],"inLanguage":"fr-FR"}]}},"_links":{"self":[{"href":"https:\/\/turismo-oscoseo.com\/fr\/wp-json\/wp\/v2\/pages\/5168","targetHints":{"allow":["GET"]}}],"collection":[{"href":"https:\/\/turismo-oscoseo.com\/fr\/wp-json\/wp\/v2\/pages"}],"about":[{"href":"https:\/\/turismo-oscoseo.com\/fr\/wp-json\/wp\/v2\/types\/page"}],"author":[{"embeddable":true,"href":"https:\/\/turismo-oscoseo.com\/fr\/wp-json\/wp\/v2\/users\/1"}],"replies":[{"embeddable":true,"href":"https:\/\/turismo-oscoseo.com\/fr\/wp-json\/wp\/v2\/comments?post=5168"}],"version-history":[{"count":1,"href":"https:\/\/turismo-oscoseo.com\/fr\/wp-json\/wp\/v2\/pages\/5168\/revisions"}],"predecessor-version":[{"id":5169,"href":"https:\/\/turismo-oscoseo.com\/fr\/wp-json\/wp\/v2\/pages\/5168\/revisions\/5169"}],"wp:attachment":[{"href":"https:\/\/turismo-oscoseo.com\/fr\/wp-json\/wp\/v2\/media?parent=5168"}],"curies":[{"name":"wp","href":"https:\/\/api.w.org\/{rel}","templated":true}]}}