{"id":5163,"date":"2025-01-24T13:33:05","date_gmt":"2025-01-24T12:33:05","guid":{"rendered":"https:\/\/turismo-oscoseo.com\/politique-de-confidentialite\/"},"modified":"2025-06-06T09:07:16","modified_gmt":"2025-06-06T07:07:16","slug":"politique-de-confidentialite","status":"publish","type":"page","link":"https:\/\/turismo-oscoseo.com\/fr\/politique-de-confidentialite\/","title":{"rendered":"Politique de confidentialit\u00e9"},"content":{"rendered":"\n<h4 class=\"wp-block-heading\"><strong>INFORMATIONS SUR LE TRAITEMENT DES DONN\u00c9ES PERSONNELLES<\/strong><\/h4>\n\n<p><br\/>Conform\u00e9ment \u00e0 l&rsquo;obligation l\u00e9gale d&rsquo;information \u00e9tablie par la loi 3\/2018 sur la protection des donn\u00e9es personnelles et la garantie des droits num\u00e9riques et \u00e0 l&rsquo;article 13 du r\u00e8glement (UE)2016\/679, les informations de base suivantes concernant les donn\u00e9es personnelles fournies sont fournies.<\/p>\n\n<p><br\/><strong>Contr\u00f4leur de donn\u00e9es :<\/strong><\/p>\n\n<p>  Centro para el Desarrollo de la Comarca Oscos-Eo <br\/> G33476052 <br\/> Calle Camilo Barcia Trelles, 10, bajo, 33770, Vegadeo, Asturias<br\/> 985476509<br\/> ceder @ oscos-eo.net<\/p>\n\n<p><br\/><strong>Finalit\u00e9s du traitement :<\/strong><\/p>\n\n<p>Nous traitons les informations fournies par la personne concern\u00e9e afin de repr\u00e9senter et de d\u00e9fendre les int\u00e9r\u00eats des entrepreneurs individuels, des personnes morales, des autorit\u00e9s locales et des fondations. Parmi les services pour lesquels nous pouvons traiter des donn\u00e9es personnelles par le biais du site web de l&rsquo;entreprise, citons :<br\/>&#8211; Fonds Leader<br\/>&#8211; Fonds FEMP<br\/>&#8211; Gestion d&rsquo;autres aides et subventions<br\/>&#8211; Gestion de la formation<br\/>&#8211; Demande d&rsquo;information<br\/>&#8211; Bulletins d&rsquo;information. <\/p>\n\n<p>Les donn\u00e9es personnelles fournies sont conserv\u00e9es aussi longtemps que la relation Membre\/Association est maintenue et\/ou que le dossier est maintenu actif et\/ou que l&rsquo;int\u00e9ress\u00e9 ne demande pas leur suppression et\/ou pendant les p\u00e9riodes d\u00e9termin\u00e9es par les lois sp\u00e9cifiques pour lesquelles elles ont \u00e9t\u00e9 collect\u00e9es.<\/p>\n\n<p><br\/><strong>L\u00e9gitimation du traitement :<\/strong><\/p>\n\n<p>La base juridique du traitement de vos donn\u00e9es est le consentement explicite de la personne concern\u00e9e.<\/p>\n\n<p><br\/><strong>Groupe cible :<\/strong><\/p>\n\n<p>Si vous demandez des informations sur nos services, aucun transfert n&rsquo;est pr\u00e9vu. Si vous contractez finalement l&rsquo;un de nos services, les transferts pr\u00e9vus seront minimaux et n\u00e9cessaires \u00e0 l&rsquo;ex\u00e9cution correcte du service contract\u00e9, \u00e0 sa formalisation, au paiement et \u00e0 la facturation. Aucun transfert de donn\u00e9es vers des pays tiers n&rsquo;est pr\u00e9vu.  <\/p>\n\n<p><br\/><strong>Les droits :<\/strong><\/p>\n\n<p>Vous avez le droit d&rsquo;obtenir des informations sur le fait que nous traitons ou non des donn\u00e9es \u00e0 caract\u00e8re personnel vous concernant. Vous pouvez exercer vos droits d&rsquo;acc\u00e8s, de rectification, d&rsquo;effacement, de limitation, de portabilit\u00e9 et de suppression de vos donn\u00e9es personnelles. A tout moment, la personne concern\u00e9e peut retirer le consentement donn\u00e9 sans affecter la lic\u00e9it\u00e9 du traitement, ainsi que la possibilit\u00e9 de saisir l&rsquo;autorit\u00e9 de contr\u00f4le comp\u00e9tente (AEPD).  <\/p>\n\n<p><br\/><strong>Provenance :<\/strong><\/p>\n\n<p>Les donn\u00e9es personnelles que nous traitons et qui proviennent de l&rsquo;int\u00e9ress\u00e9 lors de l&rsquo;utilisation des diff\u00e9rents formulaires d&rsquo;inscription ainsi que de la participation et de la demande de bourses, de subventions et\/ou de programmes de d\u00e9veloppement, et qui traitent au moins la cat\u00e9gorie de donn\u00e9es suivante : nom, pr\u00e9nom, DNI, CIF, adresse postale, du demandeur et\/ou du repr\u00e9sentant l\u00e9gal et\/ou de la personne de contact, t\u00e9l\u00e9phone et\/ou contact \u00e9lectronique ainsi que les donn\u00e9es qui pourraient \u00eatre int\u00e9gr\u00e9es dans les rapports et les projets joints \u00e0 la demande.<br\/>AUCUNE donn\u00e9e sp\u00e9cialement prot\u00e9g\u00e9e n&rsquo;est trait\u00e9e sauf dans des cas exceptionnels de l&rsquo;int\u00e9ress\u00e9 lui-m\u00eame.<\/p>\n\n<p><br\/><strong>Politique en mati\u00e8re de m\u00e9dias sociaux (LOPD-RUE)<\/strong><\/p>\n\n<p><br\/>Conform\u00e9ment aux dispositions du R\u00e8glement de l&rsquo;UE sur la protection des donn\u00e9es personnelles, 2016\/679, Centro para el Desarrollo de la Comarca Oscos-Eo signale qu&rsquo;il a la pr\u00e9sence et le lien sur son site Web avec les r\u00e9seaux sociaux Facebook, Instagram et Twitter et leur donne l&rsquo;utilisation pour tenir ses clients inform\u00e9s des produits, services et nouvelles, ainsi qu&rsquo;une plate-forme de diffusion de leurs activit\u00e9s de formation pour tout cela, nous vous informons que les donn\u00e9es collect\u00e9es par le biais de ces r\u00e9seaux sociaux sont trait\u00e9es conform\u00e9ment aux exigences l\u00e9gales du R\u00e8glement de l&rsquo;UE sur la protection des donn\u00e9es. Si vous consid\u00e9rez int\u00e9ressant d&rsquo;\u00eatre notre FAN\/ FOLLOWER dans ce type de r\u00e9seaux sociaux, sachez qu&rsquo;en nous suivant vous donnez vos donn\u00e9es \u00e0 ces plateformes et vous devez donc conna\u00eetre et accepter l&rsquo;utilisation que ces plateformes font de vos donn\u00e9es.   <\/p>\n\n<p><br\/>De m\u00eame, nous vous informons que le Centre de D\u00e9veloppement de la R\u00e9gion Oscos-Eo ne traitera pas vos donn\u00e9es \u00e0 d&rsquo;autres fins que la seule et unique finalit\u00e9 consentie par l&rsquo;utilisateur et accept\u00e9e, respectant ainsi le principe de qualit\u00e9 \u00e9tabli dans la Loi Organique sur la Protection des Donn\u00e9es. L&rsquo;int\u00e9ress\u00e9 peut se d\u00e9sinscrire de ces r\u00e9seaux sociaux, avec un simple \u00ab je n&rsquo;aime plus \u00bb, bien que nous fournissons l&#8217;email suivant ceder@oscos-eo.net afin de faciliter la communication pour toute question concernant leur traitement, la r\u00e9clamation de photos, etc. <\/p>\n\n<p><br\/><strong>Enregistrement &#8211; Utilisateur<\/strong><\/p>\n\n<p><br\/>Lors de l&rsquo;utilisation du site web www.oscos-eo.net, l&rsquo;utilisateur ne doit pas toujours fournir un nom ou une adresse \u00e9lectronique, mais il peut choisir de naviguer sur le site web sans s&rsquo;enregistrer. Ce n&rsquo;est que si vous souhaitez demander des informations par l&rsquo;interm\u00e9diaire du formulaire de contact que vous devez fournir les donn\u00e9es minimales requises et accepter la politique de confidentialit\u00e9. <\/p>\n\n<p>En acceptant la politique de confidentialit\u00e9, vous donnez votre consentement expr\u00e8s pour que nous vous fournissions les informations demand\u00e9es ainsi que pour la r\u00e9ception \u00e9ventuelle de newsletters avec des informations sur les offres, \u00e0 cet effet, vous d\u00e9clarez que toutes les informations fournies lors de la demande d&rsquo;informations sont vraies, compl\u00e8tes et exactes et que, conform\u00e9ment \u00e0 la loi organique 3\/2018 du 5 d\u00e9cembre sur la protection des donn\u00e9es personnelles et la garantie des droits num\u00e9riques et le r\u00e8glement sur la protection des donn\u00e9es personnelles UE 679\/2016 du 27 avril 2016, vous devez accepter son traitement.<\/p>\n\n<p>La personne qui demande des informations sur les services ou produits offerts sur le WEB autorise express\u00e9ment le Centre pour le d\u00e9veloppement de la r\u00e9gion Oscos-Eo \u00e0 proc\u00e9der \u00e0 l&rsquo;inclusion de leurs donn\u00e9es dans son registre automatis\u00e9 d&rsquo;activit\u00e9s sp\u00e9cifiquement appel\u00e9 \u00ab COMMUNICATIONS ET CONTACTS WEB \u00bb conform\u00e9ment \u00e0 l&rsquo;article 30 du R\u00e8glement Protection des donn\u00e9es personnelles UE 679\/2016 du 27 avril 2016 r\u00e9sultant que les donn\u00e9es personnelles fournies dans les champs du formulaire sont n\u00e9cessaires \u00e0 la bonne fourniture de la demande d&rsquo;information dont la collecte est destin\u00e9e :<br\/>&#8211; Pour \u00eatre en mesure de vous fournir une r\u00e9ponse \u00e0 votre demande<br\/>&#8211; Vous tenir inform\u00e9 des offres et promotions similaires \u00e0 celles qui ont \u00e9t\u00e9 contract\u00e9es.<\/p>\n\n<p><strong>Limitation de la responsabilit\u00e9<\/strong><\/p>\n\n<p><br\/>Le Centro para el Desarrollo de la Comarca Oscos-Eo s&rsquo;efforce de mettre \u00e0 jour, d&rsquo;entretenir et de faire fonctionner son site WEB, offrant \u00e0 l&rsquo;utilisateur ce site comme un outil d&rsquo;information et de services d&rsquo;entreprise. Cependant, le Centro para el Desarrollo de la Comarca Oscos-Eo ne peut garantir l&rsquo;absence de d\u00e9faillances techniques, la s\u00e9curit\u00e9 totale du service WEB, ni qu&rsquo;il sera op\u00e9rationnel 24 heures sur 24, sept jours sur sept, \u00e0 tout moment.<\/p>\n\n<p><br\/><strong>Propri\u00e9t\u00e9 industrielle et intellectuelle<\/strong><\/p>\n\n<p>Ce site Web est la propri\u00e9t\u00e9 du Centro para el Desarrollo de la Comarca Oscos-Eo, les droits de propri\u00e9t\u00e9 intellectuelle et les droits d&rsquo;exploitation et de reproduction de ce site Web, de ses pages, de ses \u00e9crans, de l&rsquo;information qu&rsquo;ils contiennent, de leur apparence et de leur conception, ainsi que les liens (\u00ab hyperliens \u00bb) qui sont \u00e9tablis \u00e0 partir de ce site vers d&rsquo;autres pages Web de toute entreprise qui y fait de la publicit\u00e9, sont la propri\u00e9t\u00e9 exclusive de cet annonceur et d&rsquo;autres annonceurs en fonction de leur site Web d&rsquo;entreprise, sauf indication contraire expresse. Toute d\u00e9nomination, dessin et\/ou logo, photo, ainsi que tout produit ou service offert et refl\u00e9t\u00e9 dans cette page WEB, sont la propri\u00e9t\u00e9 du Centro para el Desarrollo de la Comarca Oscos-Eo. <\/p>\n\n<p><br\/>Toute utilisation abusive de ces derniers par des personnes autres que leur propri\u00e9taire l\u00e9gitime et sans le consentement expr\u00e8s et sans \u00e9quivoque de ce dernier pourra \u00eatre d\u00e9nonc\u00e9e et poursuivie par tous les moyens l\u00e9gaux existant dans le syst\u00e8me juridique espagnol et\/ou communautaire. Les droits d&rsquo;auteur, la propri\u00e9t\u00e9 intellectuelle et les marques de tiers, le cas \u00e9ch\u00e9ant, sont d\u00fbment mis en \u00e9vidence et doivent \u00eatre respect\u00e9s par tous ceux qui acc\u00e8dent \u00e0 cette page, et le Centre pour le d\u00e9veloppement de la r\u00e9gion d&rsquo;Oscos-Eo n&rsquo;est pas responsable de l&rsquo;utilisation que l&rsquo;utilisateur peut en faire, la seule responsabilit\u00e9 incombant \u00e0 l&rsquo;utilisateur. <\/p>\n\n<p><br\/>Le Centro para el Desarrollo de la Comarca Oscos-Eo se r\u00e9serve le droit de modifier, de suspendre, d&rsquo;annuler ou de restreindre le contenu du site Web, les liens ou l&rsquo;information obtenue par son interm\u00e9diaire, sans pr\u00e9avis. Il n&rsquo;assume en aucun cas la responsabilit\u00e9 de l&rsquo;utilisation incorrecte que l&rsquo;utilisateur peut faire du WEB, tant au niveau de l&rsquo;information que des services qu&rsquo;il contient. <\/p>\n\n<p><br\/><strong>L\u00e9gislation applicable<\/strong><\/p>\n\n<p>Loi organique 3\/2018 du 5 d\u00e9cembre sur la protection des donn\u00e9es personnelles et la garantie des droits num\u00e9riques, r\u00e8glement sur la protection des donn\u00e9es personnelles UE 679\/2016 du 27 avril 2016 et loi 34\/2002 du 11 juillet sur les services de la soci\u00e9t\u00e9 de l&rsquo;information et le commerce \u00e9lectronique.<br\/> <\/p>\n\n<p><\/p>\n","protected":false},"excerpt":{"rendered":"<p>INFORMATIONS SUR LE TRAITEMENT DES DONN\u00c9ES PERSONNELLES Conform\u00e9ment \u00e0 l&rsquo;obligation l\u00e9gale d&rsquo;information \u00e9tablie par la loi 3\/2018 sur la protection des donn\u00e9es personnelles et la garantie des droits num\u00e9riques et \u00e0 l&rsquo;article 13 du r\u00e8glement (UE)2016\/679, les informations de base suivantes concernant les donn\u00e9es personnelles fournies sont fournies. Contr\u00f4leur de donn\u00e9es : Centro para el (&#8230;)<\/p>\n","protected":false},"author":1,"featured_media":0,"parent":0,"menu_order":0,"comment_status":"closed","ping_status":"open","template":"page-legal.php","meta":{"_acf_changed":false,"footnotes":""},"class_list":["post-5163","page","type-page","status-publish","hentry"],"acf":[],"yoast_head":"<!-- This site is optimized with the Yoast SEO plugin v25.2 - https:\/\/yoast.com\/wordpress\/plugins\/seo\/ -->\n<title>Politique de confidentialit\u00e9 - OSCOS-EO<\/title>\n<meta name=\"robots\" content=\"index, follow, max-snippet:-1, max-image-preview:large, max-video-preview:-1\" \/>\n<link rel=\"canonical\" href=\"https:\/\/turismo-oscoseo.com\/fr\/politique-de-confidentialite\/\" \/>\n<meta property=\"og:locale\" content=\"fr_FR\" \/>\n<meta property=\"og:type\" content=\"article\" \/>\n<meta property=\"og:title\" content=\"Politique de confidentialit\u00e9 - OSCOS-EO\" \/>\n<meta property=\"og:description\" content=\"INFORMATIONS SUR LE TRAITEMENT DES DONN\u00c9ES PERSONNELLES Conform\u00e9ment \u00e0 l&rsquo;obligation l\u00e9gale d&rsquo;information \u00e9tablie par la loi 3\/2018 sur la protection des donn\u00e9es personnelles et la garantie des droits num\u00e9riques et \u00e0 l&rsquo;article 13 du r\u00e8glement (UE)2016\/679, les informations de base suivantes concernant les donn\u00e9es personnelles fournies sont fournies. Contr\u00f4leur de donn\u00e9es : Centro para el (...)\" \/>\n<meta property=\"og:url\" content=\"https:\/\/turismo-oscoseo.com\/fr\/politique-de-confidentialite\/\" \/>\n<meta property=\"og:site_name\" content=\"OSCOS-EO\" \/>\n<meta property=\"article:modified_time\" content=\"2025-06-06T07:07:16+00:00\" \/>\n<meta name=\"twitter:card\" content=\"summary_large_image\" \/>\n<meta name=\"twitter:label1\" content=\"Dur\u00e9e de lecture estim\u00e9e\" \/>\n\t<meta name=\"twitter:data1\" content=\"7 minutes\" \/>\n<script type=\"application\/ld+json\" class=\"yoast-schema-graph\">{\"@context\":\"https:\/\/schema.org\",\"@graph\":[{\"@type\":\"WebPage\",\"@id\":\"https:\/\/turismo-oscoseo.com\/fr\/politique-de-confidentialite\/\",\"url\":\"https:\/\/turismo-oscoseo.com\/fr\/politique-de-confidentialite\/\",\"name\":\"Politique de confidentialit\u00e9 - OSCOS-EO\",\"isPartOf\":{\"@id\":\"https:\/\/turismo-oscoseo.com\/fr\/#website\"},\"datePublished\":\"2025-01-24T12:33:05+00:00\",\"dateModified\":\"2025-06-06T07:07:16+00:00\",\"breadcrumb\":{\"@id\":\"https:\/\/turismo-oscoseo.com\/fr\/politique-de-confidentialite\/#breadcrumb\"},\"inLanguage\":\"fr-FR\",\"potentialAction\":[{\"@type\":\"ReadAction\",\"target\":[\"https:\/\/turismo-oscoseo.com\/fr\/politique-de-confidentialite\/\"]}]},{\"@type\":\"BreadcrumbList\",\"@id\":\"https:\/\/turismo-oscoseo.com\/fr\/politique-de-confidentialite\/#breadcrumb\",\"itemListElement\":[{\"@type\":\"ListItem\",\"position\":1,\"name\":\"Portada\",\"item\":\"https:\/\/turismo-oscoseo.com\/fr\/\"},{\"@type\":\"ListItem\",\"position\":2,\"name\":\"Politique de confidentialit\u00e9\"}]},{\"@type\":\"WebSite\",\"@id\":\"https:\/\/turismo-oscoseo.com\/fr\/#website\",\"url\":\"https:\/\/turismo-oscoseo.com\/fr\/\",\"name\":\"OSCOS-EO\",\"description\":\"Descubre el Occidente de Asturias\",\"potentialAction\":[{\"@type\":\"SearchAction\",\"target\":{\"@type\":\"EntryPoint\",\"urlTemplate\":\"https:\/\/turismo-oscoseo.com\/fr\/?s={search_term_string}\"},\"query-input\":{\"@type\":\"PropertyValueSpecification\",\"valueRequired\":true,\"valueName\":\"search_term_string\"}}],\"inLanguage\":\"fr-FR\"}]}<\/script>\n<!-- \/ Yoast SEO plugin. -->","yoast_head_json":{"title":"Politique de confidentialit\u00e9 - OSCOS-EO","robots":{"index":"index","follow":"follow","max-snippet":"max-snippet:-1","max-image-preview":"max-image-preview:large","max-video-preview":"max-video-preview:-1"},"canonical":"https:\/\/turismo-oscoseo.com\/fr\/politique-de-confidentialite\/","og_locale":"fr_FR","og_type":"article","og_title":"Politique de confidentialit\u00e9 - OSCOS-EO","og_description":"INFORMATIONS SUR LE TRAITEMENT DES DONN\u00c9ES PERSONNELLES Conform\u00e9ment \u00e0 l&rsquo;obligation l\u00e9gale d&rsquo;information \u00e9tablie par la loi 3\/2018 sur la protection des donn\u00e9es personnelles et la garantie des droits num\u00e9riques et \u00e0 l&rsquo;article 13 du r\u00e8glement (UE)2016\/679, les informations de base suivantes concernant les donn\u00e9es personnelles fournies sont fournies. Contr\u00f4leur de donn\u00e9es : Centro para el (...)","og_url":"https:\/\/turismo-oscoseo.com\/fr\/politique-de-confidentialite\/","og_site_name":"OSCOS-EO","article_modified_time":"2025-06-06T07:07:16+00:00","twitter_card":"summary_large_image","twitter_misc":{"Dur\u00e9e de lecture estim\u00e9e":"7 minutes"},"schema":{"@context":"https:\/\/schema.org","@graph":[{"@type":"WebPage","@id":"https:\/\/turismo-oscoseo.com\/fr\/politique-de-confidentialite\/","url":"https:\/\/turismo-oscoseo.com\/fr\/politique-de-confidentialite\/","name":"Politique de confidentialit\u00e9 - OSCOS-EO","isPartOf":{"@id":"https:\/\/turismo-oscoseo.com\/fr\/#website"},"datePublished":"2025-01-24T12:33:05+00:00","dateModified":"2025-06-06T07:07:16+00:00","breadcrumb":{"@id":"https:\/\/turismo-oscoseo.com\/fr\/politique-de-confidentialite\/#breadcrumb"},"inLanguage":"fr-FR","potentialAction":[{"@type":"ReadAction","target":["https:\/\/turismo-oscoseo.com\/fr\/politique-de-confidentialite\/"]}]},{"@type":"BreadcrumbList","@id":"https:\/\/turismo-oscoseo.com\/fr\/politique-de-confidentialite\/#breadcrumb","itemListElement":[{"@type":"ListItem","position":1,"name":"Portada","item":"https:\/\/turismo-oscoseo.com\/fr\/"},{"@type":"ListItem","position":2,"name":"Politique de confidentialit\u00e9"}]},{"@type":"WebSite","@id":"https:\/\/turismo-oscoseo.com\/fr\/#website","url":"https:\/\/turismo-oscoseo.com\/fr\/","name":"OSCOS-EO","description":"Descubre el Occidente de Asturias","potentialAction":[{"@type":"SearchAction","target":{"@type":"EntryPoint","urlTemplate":"https:\/\/turismo-oscoseo.com\/fr\/?s={search_term_string}"},"query-input":{"@type":"PropertyValueSpecification","valueRequired":true,"valueName":"search_term_string"}}],"inLanguage":"fr-FR"}]}},"_links":{"self":[{"href":"https:\/\/turismo-oscoseo.com\/fr\/wp-json\/wp\/v2\/pages\/5163","targetHints":{"allow":["GET"]}}],"collection":[{"href":"https:\/\/turismo-oscoseo.com\/fr\/wp-json\/wp\/v2\/pages"}],"about":[{"href":"https:\/\/turismo-oscoseo.com\/fr\/wp-json\/wp\/v2\/types\/page"}],"author":[{"embeddable":true,"href":"https:\/\/turismo-oscoseo.com\/fr\/wp-json\/wp\/v2\/users\/1"}],"replies":[{"embeddable":true,"href":"https:\/\/turismo-oscoseo.com\/fr\/wp-json\/wp\/v2\/comments?post=5163"}],"version-history":[{"count":1,"href":"https:\/\/turismo-oscoseo.com\/fr\/wp-json\/wp\/v2\/pages\/5163\/revisions"}],"predecessor-version":[{"id":5164,"href":"https:\/\/turismo-oscoseo.com\/fr\/wp-json\/wp\/v2\/pages\/5163\/revisions\/5164"}],"wp:attachment":[{"href":"https:\/\/turismo-oscoseo.com\/fr\/wp-json\/wp\/v2\/media?parent=5163"}],"curies":[{"name":"wp","href":"https:\/\/api.w.org\/{rel}","templated":true}]}}