{"id":5145,"date":"2025-04-08T09:35:25","date_gmt":"2025-04-08T07:35:25","guid":{"rendered":"https:\/\/turismo-oscoseo.com\/accessibilite\/"},"modified":"2025-06-06T09:06:50","modified_gmt":"2025-06-06T07:06:50","slug":"accessibilite","status":"publish","type":"page","link":"https:\/\/turismo-oscoseo.com\/fr\/accessibilite\/","title":{"rendered":"Accessibilit\u00e9"},"content":{"rendered":"\n<h4 class=\"wp-block-heading\">Le portail a \u00e9t\u00e9 con\u00e7u en tenant compte des directives sur l&rsquo;accessibilit\u00e9 des contenus web (WCAG) version 2.1, en appliquant les crit\u00e8res de conformit\u00e9 du double niveau A.  <\/h4>\n\n<p>Les technologies utilis\u00e9es pour assurer l&rsquo;accessibilit\u00e9 de ce site web sont les suivantes :<\/p>\n\n<ul class=\"wp-block-list\">\n<li>HTML<\/li>\n\n\n\n<li>CSS<\/li>\n\n\n\n<li>Javascript<\/li>\n<\/ul>\n\n<p>Si vous rencontrez des difficult\u00e9s pour acc\u00e9der au contenu du site, veuillez nous en informer via notre <a href=\"https:\/\/turismo-oscoseo.com\/contacto\/\">formulaire de contact<\/a>.<\/p>\n","protected":false},"excerpt":{"rendered":"<p>Le portail a \u00e9t\u00e9 con\u00e7u en tenant compte des directives sur l&rsquo;accessibilit\u00e9 des contenus web (WCAG) version 2.1, en appliquant les crit\u00e8res de conformit\u00e9 du double niveau A. Les technologies utilis\u00e9es pour assurer l&rsquo;accessibilit\u00e9 de ce site web sont les suivantes : Si vous rencontrez des difficult\u00e9s pour acc\u00e9der au contenu du site, veuillez nous (&#8230;)<\/p>\n","protected":false},"author":1,"featured_media":0,"parent":0,"menu_order":0,"comment_status":"closed","ping_status":"closed","template":"page-legal.php","meta":{"_acf_changed":false,"footnotes":""},"class_list":["post-5145","page","type-page","status-publish","hentry"],"acf":[],"yoast_head":"<!-- This site is optimized with the Yoast SEO plugin v25.2 - https:\/\/yoast.com\/wordpress\/plugins\/seo\/ -->\n<title>Accessibilit\u00e9 - OSCOS-EO<\/title>\n<meta name=\"robots\" content=\"index, follow, max-snippet:-1, max-image-preview:large, max-video-preview:-1\" \/>\n<link rel=\"canonical\" href=\"https:\/\/turismo-oscoseo.com\/fr\/accessibilite\/\" \/>\n<meta property=\"og:locale\" content=\"fr_FR\" \/>\n<meta property=\"og:type\" content=\"article\" \/>\n<meta property=\"og:title\" content=\"Accessibilit\u00e9 - OSCOS-EO\" \/>\n<meta property=\"og:description\" content=\"Le portail a \u00e9t\u00e9 con\u00e7u en tenant compte des directives sur l&rsquo;accessibilit\u00e9 des contenus web (WCAG) version 2.1, en appliquant les crit\u00e8res de conformit\u00e9 du double niveau A. Les technologies utilis\u00e9es pour assurer l&rsquo;accessibilit\u00e9 de ce site web sont les suivantes : Si vous rencontrez des difficult\u00e9s pour acc\u00e9der au contenu du site, veuillez nous (...)\" \/>\n<meta property=\"og:url\" content=\"https:\/\/turismo-oscoseo.com\/fr\/accessibilite\/\" \/>\n<meta property=\"og:site_name\" content=\"OSCOS-EO\" \/>\n<meta property=\"article:modified_time\" content=\"2025-06-06T07:06:50+00:00\" \/>\n<meta name=\"twitter:card\" content=\"summary_large_image\" \/>\n<script type=\"application\/ld+json\" class=\"yoast-schema-graph\">{\"@context\":\"https:\/\/schema.org\",\"@graph\":[{\"@type\":\"WebPage\",\"@id\":\"https:\/\/turismo-oscoseo.com\/fr\/accessibilite\/\",\"url\":\"https:\/\/turismo-oscoseo.com\/fr\/accessibilite\/\",\"name\":\"Accessibilit\u00e9 - OSCOS-EO\",\"isPartOf\":{\"@id\":\"https:\/\/turismo-oscoseo.com\/fr\/#website\"},\"datePublished\":\"2025-04-08T07:35:25+00:00\",\"dateModified\":\"2025-06-06T07:06:50+00:00\",\"breadcrumb\":{\"@id\":\"https:\/\/turismo-oscoseo.com\/fr\/accessibilite\/#breadcrumb\"},\"inLanguage\":\"fr-FR\",\"potentialAction\":[{\"@type\":\"ReadAction\",\"target\":[\"https:\/\/turismo-oscoseo.com\/fr\/accessibilite\/\"]}]},{\"@type\":\"BreadcrumbList\",\"@id\":\"https:\/\/turismo-oscoseo.com\/fr\/accessibilite\/#breadcrumb\",\"itemListElement\":[{\"@type\":\"ListItem\",\"position\":1,\"name\":\"Portada\",\"item\":\"https:\/\/turismo-oscoseo.com\/fr\/\"},{\"@type\":\"ListItem\",\"position\":2,\"name\":\"Accessibilit\u00e9\"}]},{\"@type\":\"WebSite\",\"@id\":\"https:\/\/turismo-oscoseo.com\/fr\/#website\",\"url\":\"https:\/\/turismo-oscoseo.com\/fr\/\",\"name\":\"OSCOS-EO\",\"description\":\"Descubre el Occidente de Asturias\",\"potentialAction\":[{\"@type\":\"SearchAction\",\"target\":{\"@type\":\"EntryPoint\",\"urlTemplate\":\"https:\/\/turismo-oscoseo.com\/fr\/?s={search_term_string}\"},\"query-input\":{\"@type\":\"PropertyValueSpecification\",\"valueRequired\":true,\"valueName\":\"search_term_string\"}}],\"inLanguage\":\"fr-FR\"}]}<\/script>\n<!-- \/ Yoast SEO plugin. -->","yoast_head_json":{"title":"Accessibilit\u00e9 - OSCOS-EO","robots":{"index":"index","follow":"follow","max-snippet":"max-snippet:-1","max-image-preview":"max-image-preview:large","max-video-preview":"max-video-preview:-1"},"canonical":"https:\/\/turismo-oscoseo.com\/fr\/accessibilite\/","og_locale":"fr_FR","og_type":"article","og_title":"Accessibilit\u00e9 - OSCOS-EO","og_description":"Le portail a \u00e9t\u00e9 con\u00e7u en tenant compte des directives sur l&rsquo;accessibilit\u00e9 des contenus web (WCAG) version 2.1, en appliquant les crit\u00e8res de conformit\u00e9 du double niveau A. Les technologies utilis\u00e9es pour assurer l&rsquo;accessibilit\u00e9 de ce site web sont les suivantes : Si vous rencontrez des difficult\u00e9s pour acc\u00e9der au contenu du site, veuillez nous (...)","og_url":"https:\/\/turismo-oscoseo.com\/fr\/accessibilite\/","og_site_name":"OSCOS-EO","article_modified_time":"2025-06-06T07:06:50+00:00","twitter_card":"summary_large_image","schema":{"@context":"https:\/\/schema.org","@graph":[{"@type":"WebPage","@id":"https:\/\/turismo-oscoseo.com\/fr\/accessibilite\/","url":"https:\/\/turismo-oscoseo.com\/fr\/accessibilite\/","name":"Accessibilit\u00e9 - OSCOS-EO","isPartOf":{"@id":"https:\/\/turismo-oscoseo.com\/fr\/#website"},"datePublished":"2025-04-08T07:35:25+00:00","dateModified":"2025-06-06T07:06:50+00:00","breadcrumb":{"@id":"https:\/\/turismo-oscoseo.com\/fr\/accessibilite\/#breadcrumb"},"inLanguage":"fr-FR","potentialAction":[{"@type":"ReadAction","target":["https:\/\/turismo-oscoseo.com\/fr\/accessibilite\/"]}]},{"@type":"BreadcrumbList","@id":"https:\/\/turismo-oscoseo.com\/fr\/accessibilite\/#breadcrumb","itemListElement":[{"@type":"ListItem","position":1,"name":"Portada","item":"https:\/\/turismo-oscoseo.com\/fr\/"},{"@type":"ListItem","position":2,"name":"Accessibilit\u00e9"}]},{"@type":"WebSite","@id":"https:\/\/turismo-oscoseo.com\/fr\/#website","url":"https:\/\/turismo-oscoseo.com\/fr\/","name":"OSCOS-EO","description":"Descubre el Occidente de Asturias","potentialAction":[{"@type":"SearchAction","target":{"@type":"EntryPoint","urlTemplate":"https:\/\/turismo-oscoseo.com\/fr\/?s={search_term_string}"},"query-input":{"@type":"PropertyValueSpecification","valueRequired":true,"valueName":"search_term_string"}}],"inLanguage":"fr-FR"}]}},"_links":{"self":[{"href":"https:\/\/turismo-oscoseo.com\/fr\/wp-json\/wp\/v2\/pages\/5145","targetHints":{"allow":["GET"]}}],"collection":[{"href":"https:\/\/turismo-oscoseo.com\/fr\/wp-json\/wp\/v2\/pages"}],"about":[{"href":"https:\/\/turismo-oscoseo.com\/fr\/wp-json\/wp\/v2\/types\/page"}],"author":[{"embeddable":true,"href":"https:\/\/turismo-oscoseo.com\/fr\/wp-json\/wp\/v2\/users\/1"}],"replies":[{"embeddable":true,"href":"https:\/\/turismo-oscoseo.com\/fr\/wp-json\/wp\/v2\/comments?post=5145"}],"version-history":[{"count":1,"href":"https:\/\/turismo-oscoseo.com\/fr\/wp-json\/wp\/v2\/pages\/5145\/revisions"}],"predecessor-version":[{"id":5147,"href":"https:\/\/turismo-oscoseo.com\/fr\/wp-json\/wp\/v2\/pages\/5145\/revisions\/5147"}],"wp:attachment":[{"href":"https:\/\/turismo-oscoseo.com\/fr\/wp-json\/wp\/v2\/media?parent=5145"}],"curies":[{"name":"wp","href":"https:\/\/api.w.org\/{rel}","templated":true}]}}