{"id":5138,"date":"2025-03-06T16:57:15","date_gmt":"2025-03-06T15:57:15","guid":{"rendered":"https:\/\/turismo-oscoseo.com\/decouvrez\/plages\/"},"modified":"2025-06-06T09:06:48","modified_gmt":"2025-06-06T07:06:48","slug":"plages","status":"publish","type":"page","link":"https:\/\/turismo-oscoseo.com\/fr\/decouvrez\/plages\/","title":{"rendered":"Plages"},"content":{"rendered":"\n<p>Nous d\u00e9couvrirons la c\u00f4te de Castropol et la mer Cantabrique avec trois plages fantastiques. Deux d&rsquo;entre elles ont re\u00e7u ann\u00e9e apr\u00e8s ann\u00e9e la distinction environnementale du Pavillon bleu : Penarronda (Barres) et Arnao (Figueras). <\/p>\n","protected":false},"excerpt":{"rendered":"<p>Nous d\u00e9couvrirons la c\u00f4te de Castropol et la mer Cantabrique avec trois plages fantastiques. Deux d&rsquo;entre elles ont re\u00e7u ann\u00e9e apr\u00e8s ann\u00e9e la distinction environnementale du Pavillon bleu : Penarronda (Barres) et Arnao (Figueras).<\/p>\n","protected":false},"author":1,"featured_media":0,"parent":5117,"menu_order":0,"comment_status":"closed","ping_status":"closed","template":"page-templates\/playas.php","meta":{"_acf_changed":false,"footnotes":""},"class_list":["post-5138","page","type-page","status-publish","hentry"],"acf":[],"yoast_head":"<!-- This site is optimized with the Yoast SEO plugin v25.2 - https:\/\/yoast.com\/wordpress\/plugins\/seo\/ -->\n<title>Plages - OSCOS-EO<\/title>\n<meta name=\"robots\" content=\"index, follow, max-snippet:-1, max-image-preview:large, max-video-preview:-1\" \/>\n<link rel=\"canonical\" href=\"https:\/\/turismo-oscoseo.com\/fr\/decouvrez\/plages\/\" \/>\n<meta property=\"og:locale\" content=\"fr_FR\" \/>\n<meta property=\"og:type\" content=\"article\" \/>\n<meta property=\"og:title\" content=\"Plages - OSCOS-EO\" \/>\n<meta property=\"og:description\" content=\"Nous d\u00e9couvrirons la c\u00f4te de Castropol et la mer Cantabrique avec trois plages fantastiques. Deux d&rsquo;entre elles ont re\u00e7u ann\u00e9e apr\u00e8s ann\u00e9e la distinction environnementale du Pavillon bleu : Penarronda (Barres) et Arnao (Figueras).\" \/>\n<meta property=\"og:url\" content=\"https:\/\/turismo-oscoseo.com\/fr\/decouvrez\/plages\/\" \/>\n<meta property=\"og:site_name\" content=\"OSCOS-EO\" \/>\n<meta property=\"article:modified_time\" content=\"2025-06-06T07:06:48+00:00\" \/>\n<meta name=\"twitter:card\" content=\"summary_large_image\" \/>\n<script type=\"application\/ld+json\" class=\"yoast-schema-graph\">{\"@context\":\"https:\/\/schema.org\",\"@graph\":[{\"@type\":\"WebPage\",\"@id\":\"https:\/\/turismo-oscoseo.com\/fr\/decouvrez\/plages\/\",\"url\":\"https:\/\/turismo-oscoseo.com\/fr\/decouvrez\/plages\/\",\"name\":\"Plages - OSCOS-EO\",\"isPartOf\":{\"@id\":\"https:\/\/turismo-oscoseo.com\/fr\/#website\"},\"datePublished\":\"2025-03-06T15:57:15+00:00\",\"dateModified\":\"2025-06-06T07:06:48+00:00\",\"breadcrumb\":{\"@id\":\"https:\/\/turismo-oscoseo.com\/fr\/decouvrez\/plages\/#breadcrumb\"},\"inLanguage\":\"fr-FR\",\"potentialAction\":[{\"@type\":\"ReadAction\",\"target\":[\"https:\/\/turismo-oscoseo.com\/fr\/decouvrez\/plages\/\"]}]},{\"@type\":\"BreadcrumbList\",\"@id\":\"https:\/\/turismo-oscoseo.com\/fr\/decouvrez\/plages\/#breadcrumb\",\"itemListElement\":[{\"@type\":\"ListItem\",\"position\":1,\"name\":\"Portada\",\"item\":\"https:\/\/turismo-oscoseo.com\/fr\/\"},{\"@type\":\"ListItem\",\"position\":2,\"name\":\"D\u00e9couvrez\",\"item\":\"https:\/\/turismo-oscoseo.com\/fr\/decouvrez\/\"},{\"@type\":\"ListItem\",\"position\":3,\"name\":\"Plages\"}]},{\"@type\":\"WebSite\",\"@id\":\"https:\/\/turismo-oscoseo.com\/fr\/#website\",\"url\":\"https:\/\/turismo-oscoseo.com\/fr\/\",\"name\":\"OSCOS-EO\",\"description\":\"Descubre el Occidente de Asturias\",\"potentialAction\":[{\"@type\":\"SearchAction\",\"target\":{\"@type\":\"EntryPoint\",\"urlTemplate\":\"https:\/\/turismo-oscoseo.com\/fr\/?s={search_term_string}\"},\"query-input\":{\"@type\":\"PropertyValueSpecification\",\"valueRequired\":true,\"valueName\":\"search_term_string\"}}],\"inLanguage\":\"fr-FR\"}]}<\/script>\n<!-- \/ Yoast SEO plugin. -->","yoast_head_json":{"title":"Plages - OSCOS-EO","robots":{"index":"index","follow":"follow","max-snippet":"max-snippet:-1","max-image-preview":"max-image-preview:large","max-video-preview":"max-video-preview:-1"},"canonical":"https:\/\/turismo-oscoseo.com\/fr\/decouvrez\/plages\/","og_locale":"fr_FR","og_type":"article","og_title":"Plages - OSCOS-EO","og_description":"Nous d\u00e9couvrirons la c\u00f4te de Castropol et la mer Cantabrique avec trois plages fantastiques. Deux d&rsquo;entre elles ont re\u00e7u ann\u00e9e apr\u00e8s ann\u00e9e la distinction environnementale du Pavillon bleu : Penarronda (Barres) et Arnao (Figueras).","og_url":"https:\/\/turismo-oscoseo.com\/fr\/decouvrez\/plages\/","og_site_name":"OSCOS-EO","article_modified_time":"2025-06-06T07:06:48+00:00","twitter_card":"summary_large_image","schema":{"@context":"https:\/\/schema.org","@graph":[{"@type":"WebPage","@id":"https:\/\/turismo-oscoseo.com\/fr\/decouvrez\/plages\/","url":"https:\/\/turismo-oscoseo.com\/fr\/decouvrez\/plages\/","name":"Plages - OSCOS-EO","isPartOf":{"@id":"https:\/\/turismo-oscoseo.com\/fr\/#website"},"datePublished":"2025-03-06T15:57:15+00:00","dateModified":"2025-06-06T07:06:48+00:00","breadcrumb":{"@id":"https:\/\/turismo-oscoseo.com\/fr\/decouvrez\/plages\/#breadcrumb"},"inLanguage":"fr-FR","potentialAction":[{"@type":"ReadAction","target":["https:\/\/turismo-oscoseo.com\/fr\/decouvrez\/plages\/"]}]},{"@type":"BreadcrumbList","@id":"https:\/\/turismo-oscoseo.com\/fr\/decouvrez\/plages\/#breadcrumb","itemListElement":[{"@type":"ListItem","position":1,"name":"Portada","item":"https:\/\/turismo-oscoseo.com\/fr\/"},{"@type":"ListItem","position":2,"name":"D\u00e9couvrez","item":"https:\/\/turismo-oscoseo.com\/fr\/decouvrez\/"},{"@type":"ListItem","position":3,"name":"Plages"}]},{"@type":"WebSite","@id":"https:\/\/turismo-oscoseo.com\/fr\/#website","url":"https:\/\/turismo-oscoseo.com\/fr\/","name":"OSCOS-EO","description":"Descubre el Occidente de Asturias","potentialAction":[{"@type":"SearchAction","target":{"@type":"EntryPoint","urlTemplate":"https:\/\/turismo-oscoseo.com\/fr\/?s={search_term_string}"},"query-input":{"@type":"PropertyValueSpecification","valueRequired":true,"valueName":"search_term_string"}}],"inLanguage":"fr-FR"}]}},"_links":{"self":[{"href":"https:\/\/turismo-oscoseo.com\/fr\/wp-json\/wp\/v2\/pages\/5138","targetHints":{"allow":["GET"]}}],"collection":[{"href":"https:\/\/turismo-oscoseo.com\/fr\/wp-json\/wp\/v2\/pages"}],"about":[{"href":"https:\/\/turismo-oscoseo.com\/fr\/wp-json\/wp\/v2\/types\/page"}],"author":[{"embeddable":true,"href":"https:\/\/turismo-oscoseo.com\/fr\/wp-json\/wp\/v2\/users\/1"}],"replies":[{"embeddable":true,"href":"https:\/\/turismo-oscoseo.com\/fr\/wp-json\/wp\/v2\/comments?post=5138"}],"version-history":[{"count":1,"href":"https:\/\/turismo-oscoseo.com\/fr\/wp-json\/wp\/v2\/pages\/5138\/revisions"}],"predecessor-version":[{"id":5140,"href":"https:\/\/turismo-oscoseo.com\/fr\/wp-json\/wp\/v2\/pages\/5138\/revisions\/5140"}],"up":[{"embeddable":true,"href":"https:\/\/turismo-oscoseo.com\/fr\/wp-json\/wp\/v2\/pages\/5117"}],"wp:attachment":[{"href":"https:\/\/turismo-oscoseo.com\/fr\/wp-json\/wp\/v2\/media?parent=5138"}],"curies":[{"name":"wp","href":"https:\/\/api.w.org\/{rel}","templated":true}]}}