{"id":5128,"date":"2025-03-04T11:21:12","date_gmt":"2025-03-04T10:21:12","guid":{"rendered":"https:\/\/turismo-oscoseo.com\/aire-de-camping-car\/"},"modified":"2025-06-06T09:06:47","modified_gmt":"2025-06-06T07:06:47","slug":"aire-de-camping-car","status":"publish","type":"page","link":"https:\/\/turismo-oscoseo.com\/fr\/aire-de-camping-car\/","title":{"rendered":"Aire de camping-car"},"content":{"rendered":"\n<p>\u00c0 Oscos-eo, nous disposons de diff\u00e9rentes aires de camping-car qui vous permettront de profiter du paysage le plus authentique de notre r\u00e9gion<br\/>. Pour savoir o\u00f9 les trouver et obtenir toutes les informations, cliquez ici. <\/p>\n","protected":false},"excerpt":{"rendered":"<p>\u00c0 Oscos-eo, nous disposons de diff\u00e9rentes aires de camping-car qui vous permettront de profiter du paysage le plus authentique de notre r\u00e9gion. Pour savoir o\u00f9 les trouver et obtenir toutes les informations, cliquez ici.<\/p>\n","protected":false},"author":1,"featured_media":0,"parent":0,"menu_order":0,"comment_status":"closed","ping_status":"closed","template":"page-templates\/autocaravanas.php","meta":{"_acf_changed":false,"footnotes":""},"class_list":["post-5128","page","type-page","status-publish","hentry"],"acf":[],"yoast_head":"<!-- This site is optimized with the Yoast SEO plugin v25.2 - https:\/\/yoast.com\/wordpress\/plugins\/seo\/ -->\n<title>Aire de camping-car - OSCOS-EO<\/title>\n<meta name=\"robots\" content=\"index, follow, max-snippet:-1, max-image-preview:large, max-video-preview:-1\" \/>\n<link rel=\"canonical\" href=\"https:\/\/turismo-oscoseo.com\/fr\/aire-de-camping-car\/\" \/>\n<meta property=\"og:locale\" content=\"fr_FR\" \/>\n<meta property=\"og:type\" content=\"article\" \/>\n<meta property=\"og:title\" content=\"Aire de camping-car - OSCOS-EO\" \/>\n<meta property=\"og:description\" content=\"\u00c0 Oscos-eo, nous disposons de diff\u00e9rentes aires de camping-car qui vous permettront de profiter du paysage le plus authentique de notre r\u00e9gion. Pour savoir o\u00f9 les trouver et obtenir toutes les informations, cliquez ici.\" \/>\n<meta property=\"og:url\" content=\"https:\/\/turismo-oscoseo.com\/fr\/aire-de-camping-car\/\" \/>\n<meta property=\"og:site_name\" content=\"OSCOS-EO\" \/>\n<meta property=\"article:modified_time\" content=\"2025-06-06T07:06:47+00:00\" \/>\n<meta name=\"twitter:card\" content=\"summary_large_image\" \/>\n<script type=\"application\/ld+json\" class=\"yoast-schema-graph\">{\"@context\":\"https:\/\/schema.org\",\"@graph\":[{\"@type\":\"WebPage\",\"@id\":\"https:\/\/turismo-oscoseo.com\/fr\/aire-de-camping-car\/\",\"url\":\"https:\/\/turismo-oscoseo.com\/fr\/aire-de-camping-car\/\",\"name\":\"Aire de camping-car - OSCOS-EO\",\"isPartOf\":{\"@id\":\"https:\/\/turismo-oscoseo.com\/fr\/#website\"},\"datePublished\":\"2025-03-04T10:21:12+00:00\",\"dateModified\":\"2025-06-06T07:06:47+00:00\",\"breadcrumb\":{\"@id\":\"https:\/\/turismo-oscoseo.com\/fr\/aire-de-camping-car\/#breadcrumb\"},\"inLanguage\":\"fr-FR\",\"potentialAction\":[{\"@type\":\"ReadAction\",\"target\":[\"https:\/\/turismo-oscoseo.com\/fr\/aire-de-camping-car\/\"]}]},{\"@type\":\"BreadcrumbList\",\"@id\":\"https:\/\/turismo-oscoseo.com\/fr\/aire-de-camping-car\/#breadcrumb\",\"itemListElement\":[{\"@type\":\"ListItem\",\"position\":1,\"name\":\"Portada\",\"item\":\"https:\/\/turismo-oscoseo.com\/fr\/\"},{\"@type\":\"ListItem\",\"position\":2,\"name\":\"Aire de camping-car\"}]},{\"@type\":\"WebSite\",\"@id\":\"https:\/\/turismo-oscoseo.com\/fr\/#website\",\"url\":\"https:\/\/turismo-oscoseo.com\/fr\/\",\"name\":\"OSCOS-EO\",\"description\":\"Descubre el Occidente de Asturias\",\"potentialAction\":[{\"@type\":\"SearchAction\",\"target\":{\"@type\":\"EntryPoint\",\"urlTemplate\":\"https:\/\/turismo-oscoseo.com\/fr\/?s={search_term_string}\"},\"query-input\":{\"@type\":\"PropertyValueSpecification\",\"valueRequired\":true,\"valueName\":\"search_term_string\"}}],\"inLanguage\":\"fr-FR\"}]}<\/script>\n<!-- \/ Yoast SEO plugin. -->","yoast_head_json":{"title":"Aire de camping-car - OSCOS-EO","robots":{"index":"index","follow":"follow","max-snippet":"max-snippet:-1","max-image-preview":"max-image-preview:large","max-video-preview":"max-video-preview:-1"},"canonical":"https:\/\/turismo-oscoseo.com\/fr\/aire-de-camping-car\/","og_locale":"fr_FR","og_type":"article","og_title":"Aire de camping-car - OSCOS-EO","og_description":"\u00c0 Oscos-eo, nous disposons de diff\u00e9rentes aires de camping-car qui vous permettront de profiter du paysage le plus authentique de notre r\u00e9gion. Pour savoir o\u00f9 les trouver et obtenir toutes les informations, cliquez ici.","og_url":"https:\/\/turismo-oscoseo.com\/fr\/aire-de-camping-car\/","og_site_name":"OSCOS-EO","article_modified_time":"2025-06-06T07:06:47+00:00","twitter_card":"summary_large_image","schema":{"@context":"https:\/\/schema.org","@graph":[{"@type":"WebPage","@id":"https:\/\/turismo-oscoseo.com\/fr\/aire-de-camping-car\/","url":"https:\/\/turismo-oscoseo.com\/fr\/aire-de-camping-car\/","name":"Aire de camping-car - OSCOS-EO","isPartOf":{"@id":"https:\/\/turismo-oscoseo.com\/fr\/#website"},"datePublished":"2025-03-04T10:21:12+00:00","dateModified":"2025-06-06T07:06:47+00:00","breadcrumb":{"@id":"https:\/\/turismo-oscoseo.com\/fr\/aire-de-camping-car\/#breadcrumb"},"inLanguage":"fr-FR","potentialAction":[{"@type":"ReadAction","target":["https:\/\/turismo-oscoseo.com\/fr\/aire-de-camping-car\/"]}]},{"@type":"BreadcrumbList","@id":"https:\/\/turismo-oscoseo.com\/fr\/aire-de-camping-car\/#breadcrumb","itemListElement":[{"@type":"ListItem","position":1,"name":"Portada","item":"https:\/\/turismo-oscoseo.com\/fr\/"},{"@type":"ListItem","position":2,"name":"Aire de camping-car"}]},{"@type":"WebSite","@id":"https:\/\/turismo-oscoseo.com\/fr\/#website","url":"https:\/\/turismo-oscoseo.com\/fr\/","name":"OSCOS-EO","description":"Descubre el Occidente de Asturias","potentialAction":[{"@type":"SearchAction","target":{"@type":"EntryPoint","urlTemplate":"https:\/\/turismo-oscoseo.com\/fr\/?s={search_term_string}"},"query-input":{"@type":"PropertyValueSpecification","valueRequired":true,"valueName":"search_term_string"}}],"inLanguage":"fr-FR"}]}},"_links":{"self":[{"href":"https:\/\/turismo-oscoseo.com\/fr\/wp-json\/wp\/v2\/pages\/5128","targetHints":{"allow":["GET"]}}],"collection":[{"href":"https:\/\/turismo-oscoseo.com\/fr\/wp-json\/wp\/v2\/pages"}],"about":[{"href":"https:\/\/turismo-oscoseo.com\/fr\/wp-json\/wp\/v2\/types\/page"}],"author":[{"embeddable":true,"href":"https:\/\/turismo-oscoseo.com\/fr\/wp-json\/wp\/v2\/users\/1"}],"replies":[{"embeddable":true,"href":"https:\/\/turismo-oscoseo.com\/fr\/wp-json\/wp\/v2\/comments?post=5128"}],"version-history":[{"count":1,"href":"https:\/\/turismo-oscoseo.com\/fr\/wp-json\/wp\/v2\/pages\/5128\/revisions"}],"predecessor-version":[{"id":5129,"href":"https:\/\/turismo-oscoseo.com\/fr\/wp-json\/wp\/v2\/pages\/5128\/revisions\/5129"}],"wp:attachment":[{"href":"https:\/\/turismo-oscoseo.com\/fr\/wp-json\/wp\/v2\/media?parent=5128"}],"curies":[{"name":"wp","href":"https:\/\/api.w.org\/{rel}","templated":true}]}}