{"id":5096,"date":"2025-01-28T11:22:41","date_gmt":"2025-01-28T10:22:41","guid":{"rendered":"https:\/\/turismo-oscoseo.com\/connaitre-le-projet\/"},"modified":"2025-06-06T09:06:37","modified_gmt":"2025-06-06T07:06:37","slug":"connaitre-le-projet","status":"publish","type":"page","link":"https:\/\/turismo-oscoseo.com\/fr\/connaitre-le-projet\/","title":{"rendered":"Conna\u00eetre le projet"},"content":{"rendered":"\n<p>Le CEDER Oscos-Eo a \u00e9t\u00e9 constitu\u00e9 en 1995 \u00e0 Vegadeo et son champ d&rsquo;action est la r\u00e9gion Oscos-Eo, les conseils de : Castropol, San Mart\u00edn de Oscos, Santa Eulalia de Oscos, San Tirso de Abres, Taramundi, Vegadeo et Villanueva de Oscos, situ\u00e9es \u00e0 l&rsquo;extr\u00eame ouest de la Principaut\u00e9 des Asturies.<\/p>\n\n<p>Le CEDER Oscos-Eo est compos\u00e9 des sept conseils municipaux de la r\u00e9gion et d&rsquo;une s\u00e9rie de groupes repr\u00e9sentant le tissu social et les secteurs \u00e9conomiques du territoire.<\/p>\n\n<p>Les organes de direction et de gestion du CEDER Oscos-Eo sont l&rsquo;assembl\u00e9e g\u00e9n\u00e9rale et le conseil d&rsquo;administration. Il existe \u00e9galement une Commission de la p\u00eache charg\u00e9e de g\u00e9rer les questions li\u00e9es \u00e0 l&rsquo;activit\u00e9 de l&rsquo;organisation en tant que Groupe d&rsquo;action c\u00f4ti\u00e8re. <\/p>\n\n<p>Le CEDER Oscos-Eo dispose d&rsquo;un personnel technique pour g\u00e9rer et d\u00e9velopper les programmes et les t\u00e2ches qu&rsquo;il ex\u00e9cute.<\/p>\n","protected":false},"excerpt":{"rendered":"<p>Le CEDER Oscos-Eo a \u00e9t\u00e9 constitu\u00e9 en 1995 \u00e0 Vegadeo et son champ d&rsquo;action est la r\u00e9gion Oscos-Eo, les conseils de : Castropol, San Mart\u00edn de Oscos, Santa Eulalia de Oscos, San Tirso de Abres, Taramundi, Vegadeo et Villanueva de Oscos, situ\u00e9es \u00e0 l&rsquo;extr\u00eame ouest de la Principaut\u00e9 des Asturies. Le CEDER Oscos-Eo est compos\u00e9 (&#8230;)<\/p>\n","protected":false},"author":1,"featured_media":0,"parent":0,"menu_order":0,"comment_status":"closed","ping_status":"closed","template":"page-templates\/conoce-proyecto.php","meta":{"_acf_changed":false,"footnotes":""},"class_list":["post-5096","page","type-page","status-publish","hentry"],"acf":[],"yoast_head":"<!-- This site is optimized with the Yoast SEO plugin v25.2 - https:\/\/yoast.com\/wordpress\/plugins\/seo\/ -->\n<title>Conna\u00eetre le projet - OSCOS-EO<\/title>\n<meta name=\"robots\" content=\"index, follow, max-snippet:-1, max-image-preview:large, max-video-preview:-1\" \/>\n<link rel=\"canonical\" href=\"https:\/\/turismo-oscoseo.com\/fr\/connaitre-le-projet\/\" \/>\n<meta property=\"og:locale\" content=\"fr_FR\" \/>\n<meta property=\"og:type\" content=\"article\" \/>\n<meta property=\"og:title\" content=\"Conna\u00eetre le projet - OSCOS-EO\" \/>\n<meta property=\"og:description\" content=\"Le CEDER Oscos-Eo a \u00e9t\u00e9 constitu\u00e9 en 1995 \u00e0 Vegadeo et son champ d&rsquo;action est la r\u00e9gion Oscos-Eo, les conseils de : Castropol, San Mart\u00edn de Oscos, Santa Eulalia de Oscos, San Tirso de Abres, Taramundi, Vegadeo et Villanueva de Oscos, situ\u00e9es \u00e0 l&rsquo;extr\u00eame ouest de la Principaut\u00e9 des Asturies. Le CEDER Oscos-Eo est compos\u00e9 (...)\" \/>\n<meta property=\"og:url\" content=\"https:\/\/turismo-oscoseo.com\/fr\/connaitre-le-projet\/\" \/>\n<meta property=\"og:site_name\" content=\"OSCOS-EO\" \/>\n<meta property=\"article:modified_time\" content=\"2025-06-06T07:06:37+00:00\" \/>\n<meta name=\"twitter:card\" content=\"summary_large_image\" \/>\n<meta name=\"twitter:label1\" content=\"Dur\u00e9e de lecture estim\u00e9e\" \/>\n\t<meta name=\"twitter:data1\" content=\"1 minute\" \/>\n<script type=\"application\/ld+json\" class=\"yoast-schema-graph\">{\"@context\":\"https:\/\/schema.org\",\"@graph\":[{\"@type\":\"WebPage\",\"@id\":\"https:\/\/turismo-oscoseo.com\/fr\/connaitre-le-projet\/\",\"url\":\"https:\/\/turismo-oscoseo.com\/fr\/connaitre-le-projet\/\",\"name\":\"Conna\u00eetre le projet - OSCOS-EO\",\"isPartOf\":{\"@id\":\"https:\/\/turismo-oscoseo.com\/fr\/#website\"},\"datePublished\":\"2025-01-28T10:22:41+00:00\",\"dateModified\":\"2025-06-06T07:06:37+00:00\",\"breadcrumb\":{\"@id\":\"https:\/\/turismo-oscoseo.com\/fr\/connaitre-le-projet\/#breadcrumb\"},\"inLanguage\":\"fr-FR\",\"potentialAction\":[{\"@type\":\"ReadAction\",\"target\":[\"https:\/\/turismo-oscoseo.com\/fr\/connaitre-le-projet\/\"]}]},{\"@type\":\"BreadcrumbList\",\"@id\":\"https:\/\/turismo-oscoseo.com\/fr\/connaitre-le-projet\/#breadcrumb\",\"itemListElement\":[{\"@type\":\"ListItem\",\"position\":1,\"name\":\"Portada\",\"item\":\"https:\/\/turismo-oscoseo.com\/fr\/\"},{\"@type\":\"ListItem\",\"position\":2,\"name\":\"Conna\u00eetre le projet\"}]},{\"@type\":\"WebSite\",\"@id\":\"https:\/\/turismo-oscoseo.com\/fr\/#website\",\"url\":\"https:\/\/turismo-oscoseo.com\/fr\/\",\"name\":\"OSCOS-EO\",\"description\":\"Descubre el Occidente de Asturias\",\"potentialAction\":[{\"@type\":\"SearchAction\",\"target\":{\"@type\":\"EntryPoint\",\"urlTemplate\":\"https:\/\/turismo-oscoseo.com\/fr\/?s={search_term_string}\"},\"query-input\":{\"@type\":\"PropertyValueSpecification\",\"valueRequired\":true,\"valueName\":\"search_term_string\"}}],\"inLanguage\":\"fr-FR\"}]}<\/script>\n<!-- \/ Yoast SEO plugin. -->","yoast_head_json":{"title":"Conna\u00eetre le projet - OSCOS-EO","robots":{"index":"index","follow":"follow","max-snippet":"max-snippet:-1","max-image-preview":"max-image-preview:large","max-video-preview":"max-video-preview:-1"},"canonical":"https:\/\/turismo-oscoseo.com\/fr\/connaitre-le-projet\/","og_locale":"fr_FR","og_type":"article","og_title":"Conna\u00eetre le projet - OSCOS-EO","og_description":"Le CEDER Oscos-Eo a \u00e9t\u00e9 constitu\u00e9 en 1995 \u00e0 Vegadeo et son champ d&rsquo;action est la r\u00e9gion Oscos-Eo, les conseils de : Castropol, San Mart\u00edn de Oscos, Santa Eulalia de Oscos, San Tirso de Abres, Taramundi, Vegadeo et Villanueva de Oscos, situ\u00e9es \u00e0 l&rsquo;extr\u00eame ouest de la Principaut\u00e9 des Asturies. Le CEDER Oscos-Eo est compos\u00e9 (...)","og_url":"https:\/\/turismo-oscoseo.com\/fr\/connaitre-le-projet\/","og_site_name":"OSCOS-EO","article_modified_time":"2025-06-06T07:06:37+00:00","twitter_card":"summary_large_image","twitter_misc":{"Dur\u00e9e de lecture estim\u00e9e":"1 minute"},"schema":{"@context":"https:\/\/schema.org","@graph":[{"@type":"WebPage","@id":"https:\/\/turismo-oscoseo.com\/fr\/connaitre-le-projet\/","url":"https:\/\/turismo-oscoseo.com\/fr\/connaitre-le-projet\/","name":"Conna\u00eetre le projet - OSCOS-EO","isPartOf":{"@id":"https:\/\/turismo-oscoseo.com\/fr\/#website"},"datePublished":"2025-01-28T10:22:41+00:00","dateModified":"2025-06-06T07:06:37+00:00","breadcrumb":{"@id":"https:\/\/turismo-oscoseo.com\/fr\/connaitre-le-projet\/#breadcrumb"},"inLanguage":"fr-FR","potentialAction":[{"@type":"ReadAction","target":["https:\/\/turismo-oscoseo.com\/fr\/connaitre-le-projet\/"]}]},{"@type":"BreadcrumbList","@id":"https:\/\/turismo-oscoseo.com\/fr\/connaitre-le-projet\/#breadcrumb","itemListElement":[{"@type":"ListItem","position":1,"name":"Portada","item":"https:\/\/turismo-oscoseo.com\/fr\/"},{"@type":"ListItem","position":2,"name":"Conna\u00eetre le projet"}]},{"@type":"WebSite","@id":"https:\/\/turismo-oscoseo.com\/fr\/#website","url":"https:\/\/turismo-oscoseo.com\/fr\/","name":"OSCOS-EO","description":"Descubre el Occidente de Asturias","potentialAction":[{"@type":"SearchAction","target":{"@type":"EntryPoint","urlTemplate":"https:\/\/turismo-oscoseo.com\/fr\/?s={search_term_string}"},"query-input":{"@type":"PropertyValueSpecification","valueRequired":true,"valueName":"search_term_string"}}],"inLanguage":"fr-FR"}]}},"_links":{"self":[{"href":"https:\/\/turismo-oscoseo.com\/fr\/wp-json\/wp\/v2\/pages\/5096","targetHints":{"allow":["GET"]}}],"collection":[{"href":"https:\/\/turismo-oscoseo.com\/fr\/wp-json\/wp\/v2\/pages"}],"about":[{"href":"https:\/\/turismo-oscoseo.com\/fr\/wp-json\/wp\/v2\/types\/page"}],"author":[{"embeddable":true,"href":"https:\/\/turismo-oscoseo.com\/fr\/wp-json\/wp\/v2\/users\/1"}],"replies":[{"embeddable":true,"href":"https:\/\/turismo-oscoseo.com\/fr\/wp-json\/wp\/v2\/comments?post=5096"}],"version-history":[{"count":1,"href":"https:\/\/turismo-oscoseo.com\/fr\/wp-json\/wp\/v2\/pages\/5096\/revisions"}],"predecessor-version":[{"id":5097,"href":"https:\/\/turismo-oscoseo.com\/fr\/wp-json\/wp\/v2\/pages\/5096\/revisions\/5097"}],"wp:attachment":[{"href":"https:\/\/turismo-oscoseo.com\/fr\/wp-json\/wp\/v2\/media?parent=5096"}],"curies":[{"name":"wp","href":"https:\/\/api.w.org\/{rel}","templated":true}]}}